{"id":86,"date":"2025-07-14T12:56:11","date_gmt":"2025-07-14T12:56:11","guid":{"rendered":"https:\/\/azevedovieira.com.br\/?page_id=86"},"modified":"2025-07-14T15:00:45","modified_gmt":"2025-07-14T15:00:45","slug":"profissionais","status":"publish","type":"page","link":"https:\/\/azevedovieira.com.br\/?page_id=86","title":{"rendered":"Profissionais"},"content":{"rendered":"\t\t<div data-elementor-type=\"wp-page\" data-elementor-id=\"86\" class=\"elementor elementor-86\" data-elementor-post-type=\"page\">\n\t\t\t\t<div class=\"elementor-element elementor-element-5cb8b35 e-flex e-con-boxed e-con e-parent\" data-id=\"5cb8b35\" data-element_type=\"container\" data-settings=\"{&quot;background_background&quot;:&quot;classic&quot;}\">\n\t\t\t\t\t<div class=\"e-con-inner\">\n\t\t\t\t<div class=\"elementor-element elementor-element-925ea91 elementor-widget elementor-widget-heading\" data-id=\"925ea91\" data-element_type=\"widget\" data-widget_type=\"heading.default\">\n\t\t\t\t<div class=\"elementor-widget-container\">\n\t\t\t\t\t<h2 class=\"elementor-heading-title elementor-size-default\"><h1 class=\"claim cf\" style=\"font-size: 2em; margin: 0px; line-height: 0; color: rgba(255, 255, 255, 0.8); font-family: Metropolis, Metropolis-Fallback, &quot;Apple Color Emoji&quot;, &quot;Noto Color Emoji&quot;, sans-serif; text-align: center; white-space-collapse: collapse; -webkit-tap-highlight-color: transparent !important;\"><span class=\"sit b claim-default claim-nb lora claim-80\" style=\"-webkit-line-break: auto; line-break: auto; padding: 0.3125rem; margin: 0px; position: relative; overflow: hidden; display: inline-block; max-width: 100%; font-family: &quot;Lora Flex&quot;, Lora-Flex-Fallback, &quot;Apple Color Emoji&quot;, &quot;Noto Color Emoji&quot;, serif; line-height: 120px; font-size: 5rem; color: rgb(255, 255, 255); -webkit-tap-highlight-color: transparent !important;\"><span class=\"sit-w\" style=\"-webkit-line-break: auto; line-break: auto; display: inline-block; max-width: 100%; text-wrap: balance; padding-left: 0.9375rem; padding-right: 0.9375rem; -webkit-tap-highlight-color: transparent !important;\"><span class=\"sit-c\" style=\"-webkit-line-break: auto; line-break: auto; overflow-wrap: break-word; word-break: break-word; -webkit-box-decoration-break: clone; box-decoration-break: clone; display: inline; font-size: inherit; padding: 0px; position: static; -webkit-tap-highlight-color: transparent !important;\">Profissionais<\/span><\/span><\/span><\/h1><h3 class=\"claim cf\" style=\"line-height: 0; margin-top: 0px; margin-bottom: 0px; color: rgba(255, 255, 255, 0.8); font-family: Metropolis, Metropolis-Fallback, &quot;Apple Color Emoji&quot;, &quot;Noto Color Emoji&quot;, sans-serif; text-align: center; white-space-collapse: collapse; -webkit-tap-highlight-color: transparent !important;\"><span class=\"sit b claim-default claim-nb proxima-nova claim-22\" style=\"-webkit-line-break: auto; line-break: auto; padding: 0.3125rem; margin: 0px; position: relative; overflow: hidden; display: inline-block; max-width: 100%; font-family: &quot;AKA Metropolis&quot;, Metropolis-Fallback, &quot;Apple Color Emoji&quot;, &quot;Noto Color Emoji&quot;, sans-serif; line-height: 33px; font-size: 1.375rem; color: rgb(255, 255, 255); -webkit-tap-highlight-color: transparent !important;\"><span class=\"sit-w\" style=\"-webkit-line-break: auto; line-break: auto; display: inline-block; max-width: 100%; text-wrap: balance; padding-left: 0.9375rem; padding-right: 0.9375rem; -webkit-tap-highlight-color: transparent !important;\"><span class=\"sit-c\" style=\"-webkit-line-break: auto; line-break: auto; overflow-wrap: break-word; word-break: break-word; -webkit-box-decoration-break: clone; box-decoration-break: clone; display: inline; font-size: inherit; padding: 0px; position: static; -webkit-tap-highlight-color: transparent !important;\">Nosso time<\/span><\/span><\/span><\/h3><\/h2>\t\t\t\t<\/div>\n\t\t\t\t<\/div>\n\t\t\t\t\t<\/div>\n\t\t\t\t<\/div>\n\t\t<div class=\"elementor-element elementor-element-8416756 e-flex e-con-boxed e-con e-parent\" data-id=\"8416756\" data-element_type=\"container\">\n\t\t\t\t\t<div class=\"e-con-inner\">\n\t\t\t\t<div class=\"elementor-element elementor-element-e57e924 elementor-widget elementor-widget-text-editor\" data-id=\"e57e924\" data-element_type=\"widget\" data-widget_type=\"text-editor.default\">\n\t\t\t\t<div class=\"elementor-widget-container\">\n\t\t\t\t\t\t\t\t\t<h2 class=\"wnd-align-center\" style=\"color: #393939; padding: 0px 0px 1rem; margin: 0px; text-align: center; position: relative; font-size: 1.8125rem; line-height: 1.3; font-weight: 600; font-family: Metropolis, Metropolis-Fallback, 'Apple Color Emoji', 'Noto Color Emoji', sans-serif; -webkit-tap-highlight-color: transparent !important;\"><span class=\"wnd-font-size-160\" style=\"font-size: 46.4px; -webkit-tap-highlight-color: transparent !important;\">S\u00f3cios<\/span><\/h2><h2 style=\"color: #393939; padding: 0px 0px 1rem; margin: 0px; position: relative; font-size: 1.8125rem; line-height: 1.3; font-weight: 600; font-family: Metropolis, Metropolis-Fallback, 'Apple Color Emoji', 'Noto Color Emoji', sans-serif; -webkit-tap-highlight-color: transparent !important;\"><span class=\"wsw-02\" style=\"color: #000000; border-color: rgba(0, 0, 0, 0.5); -webkit-tap-highlight-color: transparent !important;\">Alexandre Luiz de Azevedo<\/span><\/h2><p style=\"padding: 0px 0px 1.125rem; margin: 0px; color: #666666; font-family: Metropolis, Metropolis-Fallback, 'Apple Color Emoji', 'Noto Color Emoji', sans-serif; font-size: 19px; -webkit-tap-highlight-color: transparent !important;\"><span style=\"font-weight: 600; -webkit-tap-highlight-color: transparent !important;\">Graduado pela Escola Superior Dom Helder C\u00e2mara.<\/span><\/p><p style=\"padding: 0px 0px 1.125rem; margin: 0px; color: #666666; font-family: Metropolis, Metropolis-Fallback, 'Apple Color Emoji', 'Noto Color Emoji', sans-serif; font-size: 19px; -webkit-tap-highlight-color: transparent !important;\">Especialista em Direito P\u00fablico (Escola Superior Dom Helder C\u00e2mara) e Direito do Trabalho (Faculdade Arnaldo).<\/p><p style=\"padding: 0px 0px 1.125rem; margin: 0px; color: #666666; font-family: Metropolis, Metropolis-Fallback, 'Apple Color Emoji', 'Noto Color Emoji', sans-serif; font-size: 19px; -webkit-tap-highlight-color: transparent !important;\">\u00a0<\/p><p style=\"padding: 0px 0px 1.125rem; margin: 0px; color: #666666; font-family: Metropolis, Metropolis-Fallback, 'Apple Color Emoji', 'Noto Color Emoji', sans-serif; font-size: 19px; -webkit-tap-highlight-color: transparent !important;\">\u00a0<\/p><h2 style=\"color: #393939; padding: 0px 0px 1rem; margin: 1rem 0px 0px; position: relative; font-size: 1.8125rem; line-height: 1.3; font-weight: 600; font-family: Metropolis, Metropolis-Fallback, 'Apple Color Emoji', 'Noto Color Emoji', sans-serif; -webkit-tap-highlight-color: transparent !important;\"><span class=\"wsw-02\" style=\"color: #000000; border-color: rgba(0, 0, 0, 0.5); -webkit-tap-highlight-color: transparent !important;\">Luiz Fernando\u00a0<span class=\"wsw-02\" style=\"border-color: rgba(0, 0, 0, 0.5); -webkit-tap-highlight-color: transparent !important;\">V<\/span><span class=\"wsw-38 wnd-font-size-120\" style=\"color: #3d6797; border-color: rgba(61, 103, 151, 0.5); font-size: 34.8px; -webkit-tap-highlight-color: transparent !important;\"><span class=\"wsw-02 wnd-font-size-90\" style=\"color: #000000; border-color: rgba(0, 0, 0, 0.5); font-size: 31.32px; -webkit-tap-highlight-color: transparent !important;\">ieira<\/span><\/span><\/span><\/h2><p style=\"padding: 0px 0px 1.125rem; margin: 0px; color: #666666; font-family: Metropolis, Metropolis-Fallback, 'Apple Color Emoji', 'Noto Color Emoji', sans-serif; font-size: 19px; -webkit-tap-highlight-color: transparent !important;\">\u00a0<\/p><p style=\"padding: 0px 0px 1.125rem; margin: 0px; color: #666666; font-family: Metropolis, Metropolis-Fallback, 'Apple Color Emoji', 'Noto Color Emoji', sans-serif; font-size: 19px; -webkit-tap-highlight-color: transparent !important;\"><span style=\"font-weight: 600; -webkit-tap-highlight-color: transparent !important;\">Graduado pela Pontif\u00edcia Universidade Cat\u00f3lica de Minas Gerais (PUC\/MG).\u00a0<\/span><\/p><p style=\"padding: 0px 0px 1.125rem; margin: 0px; color: #666666; font-family: Metropolis, Metropolis-Fallback, 'Apple Color Emoji', 'Noto Color Emoji', sans-serif; font-size: 19px; -webkit-tap-highlight-color: transparent !important;\">Especialista em Direito Tribut\u00e1rio (IEC &#8211; PUC\/MG) e Direito de Empresa (IEC &#8211; PUC\/MG).\u00a0Membro da Comiss\u00e3o de Direito Tribut\u00e1rio da OAB\/MG e membro da Associa\u00e7\u00e3o Brasileira de Direito Tribut\u00e1rio (ABRADT).<\/p><p style=\"padding: 0px 0px 1.125rem; margin: 0px; color: #666666; font-family: Metropolis, Metropolis-Fallback, 'Apple Color Emoji', 'Noto Color Emoji', sans-serif; font-size: 19px; -webkit-tap-highlight-color: transparent !important;\">\u00a0<\/p><h2 class=\"wnd-align-center\" style=\"color: #393939; padding: 0px 0px 1rem; margin: 1rem 0px 0px; text-align: center; position: relative; font-size: 1.8125rem; line-height: 1.3; font-weight: 600; font-family: Metropolis, Metropolis-Fallback, 'Apple Color Emoji', 'Noto Color Emoji', sans-serif; -webkit-tap-highlight-color: transparent !important;\"><span class=\"wnd-font-size-110\" style=\"font-size: 31.9px; -webkit-tap-highlight-color: transparent !important;\">CONSULTORES<\/span><\/h2><h2 style=\"color: #393939; padding: 0px 0px 1rem; margin: 0px; position: relative; font-size: 1.8125rem; line-height: 1.3; font-weight: 600; font-family: Metropolis, Metropolis-Fallback, 'Apple Color Emoji', 'Noto Color Emoji', sans-serif; -webkit-tap-highlight-color: transparent !important;\">Ana Paula de Jesus Santos<\/h2><p style=\"padding: 0px 0px 1.125rem; margin: 0px; color: #666666; font-family: Metropolis, Metropolis-Fallback, 'Apple Color Emoji', 'Noto Color Emoji', sans-serif; font-size: 19px; -webkit-tap-highlight-color: transparent !important;\"><span style=\"font-weight: 600; font-size: 1.25rem; -webkit-tap-highlight-color: transparent !important;\">Graduada em Contabilidade pela Pontif\u00edcia Universidade Cat\u00f3lica de Minas Gerais (PUC\/MG).<\/span><\/p><p style=\"padding: 0px 0px 1.125rem; margin: 0px; color: #666666; font-family: Metropolis, Metropolis-Fallback, 'Apple Color Emoji', 'Noto Color Emoji', sans-serif; font-size: 19px; -webkit-tap-highlight-color: transparent !important;\"><span style=\"-webkit-line-break: auto; line-break: auto; font-size: 1.25rem; -webkit-tap-highlight-color: transparent !important;\">Mestre em Economia e Gest\u00e3o empresarial pela Universidade Estadual de Montes Claros (UNIMONTES).<\/span><\/p><p style=\"padding: 0px 0px 1.125rem; margin: 0px; color: #666666; font-family: Metropolis, Metropolis-Fallback, 'Apple Color Emoji', 'Noto Color Emoji', sans-serif; font-size: 19px; -webkit-tap-highlight-color: transparent !important;\">\u00a0<\/p><h2 class=\"wnd-align-center\" style=\"color: #393939; padding: 0px 0px 1rem; margin: 1rem 0px 0px; text-align: center; position: relative; font-size: 1.8125rem; line-height: 1.3; font-weight: 600; font-family: Metropolis, Metropolis-Fallback, 'Apple Color Emoji', 'Noto Color Emoji', sans-serif; -webkit-tap-highlight-color: transparent !important;\"><span class=\"wnd-font-size-110\" style=\"font-size: 31.9px; -webkit-tap-highlight-color: transparent !important;\">COLABORADORES<\/span><\/h2>\t\t\t\t\t\t\t\t<\/div>\n\t\t\t\t<\/div>\n\t\t\t\t\t<\/div>\n\t\t\t\t<\/div>\n\t\t\t\t<\/div>\n\t\t","protected":false},"excerpt":{"rendered":"<p>Profissionais Nosso time S\u00f3cios Alexandre Luiz de Azevedo Graduado pela Escola Superior Dom Helder C\u00e2mara. Especialista em Direito P\u00fablico (Escola Superior Dom Helder C\u00e2mara) e Direito do Trabalho (Faculdade Arnaldo). \u00a0 \u00a0 Luiz Fernando\u00a0Vieira \u00a0 Graduado pela Pontif\u00edcia Universidade Cat\u00f3lica de Minas Gerais (PUC\/MG).\u00a0 Especialista em Direito Tribut\u00e1rio (IEC &#8211; PUC\/MG) e Direito de Empresa [&hellip;]<\/p>\n","protected":false},"author":1,"featured_media":0,"parent":0,"menu_order":0,"comment_status":"closed","ping_status":"closed","template":"elementor_header_footer","meta":{"footnotes":""},"class_list":["post-86","page","type-page","status-publish","hentry"],"_links":{"self":[{"href":"https:\/\/azevedovieira.com.br\/index.php?rest_route=\/wp\/v2\/pages\/86","targetHints":{"allow":["GET"]}}],"collection":[{"href":"https:\/\/azevedovieira.com.br\/index.php?rest_route=\/wp\/v2\/pages"}],"about":[{"href":"https:\/\/azevedovieira.com.br\/index.php?rest_route=\/wp\/v2\/types\/page"}],"author":[{"embeddable":true,"href":"https:\/\/azevedovieira.com.br\/index.php?rest_route=\/wp\/v2\/users\/1"}],"replies":[{"embeddable":true,"href":"https:\/\/azevedovieira.com.br\/index.php?rest_route=%2Fwp%2Fv2%2Fcomments&post=86"}],"version-history":[{"count":5,"href":"https:\/\/azevedovieira.com.br\/index.php?rest_route=\/wp\/v2\/pages\/86\/revisions"}],"predecessor-version":[{"id":138,"href":"https:\/\/azevedovieira.com.br\/index.php?rest_route=\/wp\/v2\/pages\/86\/revisions\/138"}],"wp:attachment":[{"href":"https:\/\/azevedovieira.com.br\/index.php?rest_route=%2Fwp%2Fv2%2Fmedia&parent=86"}],"curies":[{"name":"wp","href":"https:\/\/api.w.org\/{rel}","templated":true}]}}